{"id":4144,"date":"2023-04-06T13:46:16","date_gmt":"2023-04-06T13:46:16","guid":{"rendered":"https:\/\/www.checktheracism.com\/rapport-dincident\/"},"modified":"2023-10-10T20:17:41","modified_gmt":"2023-10-10T20:17:41","slug":"rapport-dincident","status":"publish","type":"page","link":"https:\/\/www.checktheracism.com\/fr\/rapport-dincident\/","title":{"rendered":"Rapport d&rsquo;incident"},"content":{"rendered":"<div data-colibri-id=\"1756-c1\" class=\"style-1172 style-local-1756-c1 position-relative\">\n  <!----><\/p>\n<div data-colibri-component=\"section\" data-colibri-id=\"1756-c2\" id=\"custom\" class=\"h-section h-section-global-spacing d-flex align-items-lg-center align-items-md-center align-items-center style-1173 style-local-1756-c2 position-relative\">\n    <!----><br \/>\n    <!----><\/p>\n<div class=\"h-section-grid-container h-section-boxed-container\">\n      <!----><\/p>\n<div data-colibri-id=\"1756-c3\" class=\"h-row-container gutters-row-lg-2 gutters-row-md-2 gutters-row-0 gutters-row-v-lg-2 gutters-row-v-md-2 gutters-row-v-2 style-1174 style-local-1756-c3 position-relative\">\n        <!----><\/p>\n<div class=\"h-row justify-content-lg-center justify-content-md-center justify-content-center align-items-lg-stretch align-items-md-stretch align-items-stretch gutters-col-lg-2 gutters-col-md-2 gutters-col-0 gutters-col-v-lg-2 gutters-col-v-md-2 gutters-col-v-2\">\n          <!----><\/p>\n<div class=\"h-column h-column-container d-flex h-col-lg-auto h-col-md-auto h-col-auto style-1175-outer style-local-1756-c4-outer\">\n<div data-colibri-id=\"1756-c4\" class=\"d-flex h-flex-basis h-column__inner h-px-lg-2 h-px-md-2 h-px-2 v-inner-lg-2 v-inner-md-2 v-inner-2 style-1175 style-local-1756-c4 position-relative\">\n              <!----><br \/>\n              <!----><\/p>\n<div class=\"w-100 h-y-container h-column__content h-column__v-align flex-basis-100 align-self-lg-start align-self-md-start align-self-start\">\n                <!----><\/p>\n<div data-colibri-id=\"1756-c5\" class=\"h-global-transition-all h-heading style-1176 style-local-1756-c5 position-relative h-element\">\n                  <!----><\/p>\n<div class=\"h-heading__outer style-1176 style-local-1756-c5\">\n                    <!----><br \/>\n                    <!----><\/p>\n<h3 class=\"\"><span style=\"font-weight: 600; color: rgb(211, 189, 148);\">Signaler le racisme (jeu sanctionn\u00e9 par Hockey Canada)<\/span><\/h3>\n<\/p><\/div>\n<\/p><\/div>\n<\/p><\/div>\n<\/p><\/div>\n<\/p><\/div>\n<\/p><\/div>\n<\/p><\/div>\n<div data-colibri-id=\"1756-c6\" class=\"h-row-container gutters-row-lg-2 gutters-row-md-2 gutters-row-0 gutters-row-v-lg-2 gutters-row-v-md-2 gutters-row-v-2 style-1177 style-local-1756-c6 position-relative\">\n        <!----><\/p>\n<div class=\"h-row justify-content-lg-center justify-content-md-center justify-content-center align-items-lg-stretch align-items-md-stretch align-items-stretch gutters-col-lg-2 gutters-col-md-2 gutters-col-0 gutters-col-v-lg-2 gutters-col-v-md-2 gutters-col-v-2\">\n          <!----><\/p>\n<div class=\"h-column h-column-container d-flex h-col-lg-auto h-col-md-auto h-col-auto style-1178-outer style-local-1756-c7-outer\">\n<div data-colibri-id=\"1756-c7\" class=\"d-flex h-flex-basis h-column__inner h-px-lg-2 h-px-md-2 h-px-2 v-inner-lg-2 v-inner-md-2 v-inner-2 style-1178 style-local-1756-c7 position-relative\">\n              <!----><br \/>\n              <!----><\/p>\n<div class=\"w-100 h-y-container h-column__content h-column__v-align flex-basis-100 align-self-lg-start align-self-md-start align-self-start\">\n                <!----><\/p>\n<div data-colibri-id=\"1756-c8\" class=\"h-text h-text-component style-1179 style-local-1756-c8 position-relative h-element\">\n                  <!----><br \/>\n                  <!----><\/p>\n<div class=\"\">\n<p><span style=\"font-weight: 600;\">D\u00e9p\u00f4t d\u2019une plainte li\u00e9e aux programmes sanctionn\u00e9s par Hockey Canada (hockey mineur et programmes autres ceux des \u00e9quipes nationales.<br \/><\/span><br \/>\n                      <br \/>Le tiers ind\u00e9pendant (TI) est un groupe pleinement ind\u00e9pendant d\u00e9sign\u00e9 pour administrer toutes les plaintes de maltraitance au sein de Hockey Canada d\u2019une mani\u00e8re respectant l\u2019\u00e9quit\u00e9 proc\u00e9durale.&nbsp;<\/p>\n<p>Pour en savoir plus sur le tiers ind\u00e9pendant nomm\u00e9 par Hockey Canada, notamment la marche \u00e0 suivre pour soumettre une plainte pour maltraitance, veuillez consulter&nbsp;le site Web du tiers ind\u00e9pendant&nbsp;:&nbsp;<\/p>\n<\/p><\/div>\n<\/p><\/div>\n<\/p><\/div>\n<\/p><\/div>\n<\/p><\/div>\n<\/p><\/div>\n<\/p><\/div>\n<div data-colibri-id=\"1756-c9\" class=\"h-row-container gutters-row-lg-2 gutters-row-md-2 gutters-row-0 gutters-row-v-lg-2 gutters-row-v-md-2 gutters-row-v-2 style-1180 style-local-1756-c9 position-relative\">\n        <!----><\/p>\n<div class=\"h-row justify-content-lg-center justify-content-md-center justify-content-center align-items-lg-stretch align-items-md-stretch align-items-stretch gutters-col-lg-2 gutters-col-md-2 gutters-col-0 gutters-col-v-lg-2 gutters-col-v-md-2 gutters-col-v-2\">\n          <!----><\/p>\n<div class=\"h-column h-column-container d-flex h-col-lg-3 h-col-md-3 h-col-12 style-1181-outer style-local-1756-c10-outer\">\n<div data-colibri-id=\"1756-c10\" class=\"d-flex h-flex-basis h-column__inner h-px-lg-2 h-px-md-2 h-px-2 v-inner-lg-2 v-inner-md-2 v-inner-2 style-1181 style-local-1756-c10 position-relative\">\n              <!----><br \/>\n              <!----><\/p>\n<div class=\"w-100 h-y-container h-column__content h-column__v-align flex-basis-100 align-self-lg-start align-self-md-start align-self-start\">\n                <!----><\/p>\n<div data-colibri-id=\"1756-c11\" class=\"d-block style-1182 style-local-1756-c11 position-relative h-element\">\n                  <!----><\/p>\n<div class=\"h-image__frame-container-outer\">\n                    <a href=\"https:\/\/sportcomplaints.ca\/complaint-form\/\" target=\"_blank\" h-use-smooth-scroll=\"true\" class=\"image-link\" rel=\"noopener\"><\/p>\n<div class=\"h-image__frame-container\">\n                        <!----><br \/>\n                        <!----><br \/>\n                        <img decoding=\"async\" src=\"https:\/\/www.checktheracism.com\/wp-content\/uploads\/2023\/08\/cropped-Plaintes-Sport-Complaints.png\" class=\"style-1182-image style-local-1756-c11-image\"><\/p>\n<div class=\"h-image__frame h-hide-lg h-hide-md h-hide-sm style-1182-frameImage style-local-1756-c11-frameImage\"><\/div>\n<\/p><\/div>\n<p>                    <\/a>\n                  <\/div>\n<\/p><\/div>\n<div data-colibri-id=\"1756-c12\" class=\"h-text h-text-component style-1183 style-local-1756-c12 position-relative h-element\">\n                  <!----><br \/>\n                  <!----><\/p>\n<div class=\"\">\n<p>\n                      <a href=\"https:\/\/sportcomplaints.ca\" target=\"_blank\" class=\"customize-unpreviewable\" rel=\"noopener\">PLAINTES SPORT COMPLAINTS&nbsp;<\/a>\n                    <\/p>\n<\/p><\/div>\n<\/p><\/div>\n<\/p><\/div>\n<\/p><\/div>\n<\/p><\/div>\n<\/p><\/div>\n<\/p><\/div>\n<\/p><\/div>\n<\/p><\/div>\n<\/div>\n","protected":false},"excerpt":{"rendered":"<p>Signaler le racisme (jeu sanctionn\u00e9 par Hockey Canada) D\u00e9p\u00f4t d\u2019une plainte li\u00e9e aux programmes sanctionn\u00e9s par Hockey Canada (hockey mineur et programmes autres ceux des \u00e9quipes nationales. Le tiers ind\u00e9pendant (TI) est un groupe pleinement ind\u00e9pendant d\u00e9sign\u00e9 pour administrer toutes les plaintes de maltraitance au sein de Hockey Canada d\u2019une mani\u00e8re respectant l\u2019\u00e9quit\u00e9 proc\u00e9durale.&nbsp; Pour [&hellip;]<\/p>\n","protected":false},"author":9,"featured_media":0,"parent":0,"menu_order":0,"comment_status":"closed","ping_status":"closed","template":"page-templates\/full-width-page.php","meta":{"footnotes":"","_links_to":"","_links_to_target":""},"class_list":["post-4144","page","type-page","status-publish","hentry"],"_links":{"self":[{"href":"https:\/\/www.checktheracism.com\/fr\/wp-json\/wp\/v2\/pages\/4144","targetHints":{"allow":["GET"]}}],"collection":[{"href":"https:\/\/www.checktheracism.com\/fr\/wp-json\/wp\/v2\/pages"}],"about":[{"href":"https:\/\/www.checktheracism.com\/fr\/wp-json\/wp\/v2\/types\/page"}],"author":[{"embeddable":true,"href":"https:\/\/www.checktheracism.com\/fr\/wp-json\/wp\/v2\/users\/9"}],"replies":[{"embeddable":true,"href":"https:\/\/www.checktheracism.com\/fr\/wp-json\/wp\/v2\/comments?post=4144"}],"version-history":[{"count":0,"href":"https:\/\/www.checktheracism.com\/fr\/wp-json\/wp\/v2\/pages\/4144\/revisions"}],"wp:attachment":[{"href":"https:\/\/www.checktheracism.com\/fr\/wp-json\/wp\/v2\/media?parent=4144"}],"curies":[{"name":"wp","href":"https:\/\/api.w.org\/{rel}","templated":true}]}}